{"id":436,"date":"2026-01-23T17:00:29","date_gmt":"2026-01-23T16:00:29","guid":{"rendered":"https:\/\/zvaracak.sk\/sutazne-navrhy\/"},"modified":"2026-02-04T09:26:20","modified_gmt":"2026-02-04T08:26:20","slug":"submissions","status":"publish","type":"page","link":"https:\/\/zvaracak.sk\/en\/submissions\/","title":{"rendered":"Submissions"},"content":{"rendered":"","protected":false},"excerpt":{"rendered":"","protected":false},"author":1,"featured_media":265,"parent":0,"menu_order":0,"comment_status":"closed","ping_status":"closed","template":"page-navrhy.php","meta":{"_acf_changed":false,"footnotes":""},"class_list":["post-436","page","type-page","status-publish","has-post-thumbnail","hentry"],"acf":[],"yoast_head":"<!-- This site is optimized with the Yoast SEO plugin v26.6 - https:\/\/yoast.com\/wordpress\/plugins\/seo\/ -->\n<title>Submissions &#8212; ZV\u00c1RA\u010c\u00c1K<\/title>\n<meta name=\"robots\" content=\"index, follow, max-snippet:-1, max-image-preview:large, max-video-preview:-1\" \/>\n<link rel=\"canonical\" href=\"https:\/\/zvaracak.sk\/en\/submissions\/\" \/>\n<meta property=\"og:locale\" content=\"en_US\" \/>\n<meta property=\"og:type\" content=\"article\" \/>\n<meta property=\"og:title\" content=\"Submissions &#8212; ZV\u00c1RA\u010c\u00c1K\" \/>\n<meta property=\"og:url\" content=\"https:\/\/zvaracak.sk\/en\/submissions\/\" \/>\n<meta property=\"og:site_name\" content=\"ZV\u00c1RA\u010c\u00c1K\" \/>\n<meta property=\"article:modified_time\" content=\"2026-02-04T08:26:20+00:00\" \/>\n<meta property=\"og:image\" content=\"https:\/\/zvaracak.sk\/wp-content\/uploads\/2025\/12\/ZVARACAK-AREAL-lowres-1047-scaled.jpg\" \/>\n\t<meta property=\"og:image:width\" content=\"2560\" \/>\n\t<meta property=\"og:image:height\" content=\"1706\" \/>\n\t<meta property=\"og:image:type\" content=\"image\/jpeg\" \/>\n<meta name=\"twitter:card\" content=\"summary_large_image\" \/>\n<meta name=\"twitter:label1\" content=\"Est. reading time\" \/>\n\t<meta name=\"twitter:data1\" content=\"1 minute\" \/>\n<script type=\"application\/ld+json\" class=\"yoast-schema-graph\">{\"@context\":\"https:\/\/schema.org\",\"@graph\":[{\"@type\":\"WebPage\",\"@id\":\"https:\/\/zvaracak.sk\/en\/submissions\/\",\"url\":\"https:\/\/zvaracak.sk\/en\/submissions\/\",\"name\":\"Submissions &#8212; ZV\u00c1RA\u010c\u00c1K\",\"isPartOf\":{\"@id\":\"https:\/\/zvaracak.sk\/en\/#website\"},\"primaryImageOfPage\":{\"@id\":\"https:\/\/zvaracak.sk\/en\/submissions\/#primaryimage\"},\"image\":{\"@id\":\"https:\/\/zvaracak.sk\/en\/submissions\/#primaryimage\"},\"thumbnailUrl\":\"https:\/\/zvaracak.sk\/wp-content\/uploads\/2025\/12\/ZVARACAK-AREAL-lowres-1047-scaled.jpg\",\"datePublished\":\"2026-01-23T16:00:29+00:00\",\"dateModified\":\"2026-02-04T08:26:20+00:00\",\"breadcrumb\":{\"@id\":\"https:\/\/zvaracak.sk\/en\/submissions\/#breadcrumb\"},\"inLanguage\":\"en-US\",\"potentialAction\":[{\"@type\":\"ReadAction\",\"target\":[\"https:\/\/zvaracak.sk\/en\/submissions\/\"]}]},{\"@type\":\"ImageObject\",\"inLanguage\":\"en-US\",\"@id\":\"https:\/\/zvaracak.sk\/en\/submissions\/#primaryimage\",\"url\":\"https:\/\/zvaracak.sk\/wp-content\/uploads\/2025\/12\/ZVARACAK-AREAL-lowres-1047-scaled.jpg\",\"contentUrl\":\"https:\/\/zvaracak.sk\/wp-content\/uploads\/2025\/12\/ZVARACAK-AREAL-lowres-1047-scaled.jpg\",\"width\":2560,\"height\":1706},{\"@type\":\"BreadcrumbList\",\"@id\":\"https:\/\/zvaracak.sk\/en\/submissions\/#breadcrumb\",\"itemListElement\":[{\"@type\":\"ListItem\",\"position\":1,\"name\":\"Domovsk\u00e1 str\u00e1nka\",\"item\":\"https:\/\/zvaracak.sk\/en\/\"},{\"@type\":\"ListItem\",\"position\":2,\"name\":\"Submissions\"}]},{\"@type\":\"WebSite\",\"@id\":\"https:\/\/zvaracak.sk\/en\/#website\",\"url\":\"https:\/\/zvaracak.sk\/en\/\",\"name\":\"ZV\u00c1RA\u010c\u00c1K\",\"description\":\"\",\"potentialAction\":[{\"@type\":\"SearchAction\",\"target\":{\"@type\":\"EntryPoint\",\"urlTemplate\":\"https:\/\/zvaracak.sk\/en\/?s={search_term_string}\"},\"query-input\":{\"@type\":\"PropertyValueSpecification\",\"valueRequired\":true,\"valueName\":\"search_term_string\"}}],\"inLanguage\":\"en-US\"}]}<\/script>\n<!-- \/ Yoast SEO plugin. -->","yoast_head_json":{"title":"Submissions &#8212; ZV\u00c1RA\u010c\u00c1K","robots":{"index":"index","follow":"follow","max-snippet":"max-snippet:-1","max-image-preview":"max-image-preview:large","max-video-preview":"max-video-preview:-1"},"canonical":"https:\/\/zvaracak.sk\/en\/submissions\/","og_locale":"en_US","og_type":"article","og_title":"Submissions &#8212; ZV\u00c1RA\u010c\u00c1K","og_url":"https:\/\/zvaracak.sk\/en\/submissions\/","og_site_name":"ZV\u00c1RA\u010c\u00c1K","article_modified_time":"2026-02-04T08:26:20+00:00","og_image":[{"width":2560,"height":1706,"url":"https:\/\/zvaracak.sk\/wp-content\/uploads\/2025\/12\/ZVARACAK-AREAL-lowres-1047-scaled.jpg","type":"image\/jpeg"}],"twitter_card":"summary_large_image","twitter_misc":{"Est. reading time":"1 minute"},"schema":{"@context":"https:\/\/schema.org","@graph":[{"@type":"WebPage","@id":"https:\/\/zvaracak.sk\/en\/submissions\/","url":"https:\/\/zvaracak.sk\/en\/submissions\/","name":"Submissions &#8212; ZV\u00c1RA\u010c\u00c1K","isPartOf":{"@id":"https:\/\/zvaracak.sk\/en\/#website"},"primaryImageOfPage":{"@id":"https:\/\/zvaracak.sk\/en\/submissions\/#primaryimage"},"image":{"@id":"https:\/\/zvaracak.sk\/en\/submissions\/#primaryimage"},"thumbnailUrl":"https:\/\/zvaracak.sk\/wp-content\/uploads\/2025\/12\/ZVARACAK-AREAL-lowres-1047-scaled.jpg","datePublished":"2026-01-23T16:00:29+00:00","dateModified":"2026-02-04T08:26:20+00:00","breadcrumb":{"@id":"https:\/\/zvaracak.sk\/en\/submissions\/#breadcrumb"},"inLanguage":"en-US","potentialAction":[{"@type":"ReadAction","target":["https:\/\/zvaracak.sk\/en\/submissions\/"]}]},{"@type":"ImageObject","inLanguage":"en-US","@id":"https:\/\/zvaracak.sk\/en\/submissions\/#primaryimage","url":"https:\/\/zvaracak.sk\/wp-content\/uploads\/2025\/12\/ZVARACAK-AREAL-lowres-1047-scaled.jpg","contentUrl":"https:\/\/zvaracak.sk\/wp-content\/uploads\/2025\/12\/ZVARACAK-AREAL-lowres-1047-scaled.jpg","width":2560,"height":1706},{"@type":"BreadcrumbList","@id":"https:\/\/zvaracak.sk\/en\/submissions\/#breadcrumb","itemListElement":[{"@type":"ListItem","position":1,"name":"Domovsk\u00e1 str\u00e1nka","item":"https:\/\/zvaracak.sk\/en\/"},{"@type":"ListItem","position":2,"name":"Submissions"}]},{"@type":"WebSite","@id":"https:\/\/zvaracak.sk\/en\/#website","url":"https:\/\/zvaracak.sk\/en\/","name":"ZV\u00c1RA\u010c\u00c1K","description":"","potentialAction":[{"@type":"SearchAction","target":{"@type":"EntryPoint","urlTemplate":"https:\/\/zvaracak.sk\/en\/?s={search_term_string}"},"query-input":{"@type":"PropertyValueSpecification","valueRequired":true,"valueName":"search_term_string"}}],"inLanguage":"en-US"}]}},"_links":{"self":[{"href":"https:\/\/zvaracak.sk\/en\/wp-json\/wp\/v2\/pages\/436","targetHints":{"allow":["GET"]}}],"collection":[{"href":"https:\/\/zvaracak.sk\/en\/wp-json\/wp\/v2\/pages"}],"about":[{"href":"https:\/\/zvaracak.sk\/en\/wp-json\/wp\/v2\/types\/page"}],"author":[{"embeddable":true,"href":"https:\/\/zvaracak.sk\/en\/wp-json\/wp\/v2\/users\/1"}],"replies":[{"embeddable":true,"href":"https:\/\/zvaracak.sk\/en\/wp-json\/wp\/v2\/comments?post=436"}],"version-history":[{"count":4,"href":"https:\/\/zvaracak.sk\/en\/wp-json\/wp\/v2\/pages\/436\/revisions"}],"predecessor-version":[{"id":451,"href":"https:\/\/zvaracak.sk\/en\/wp-json\/wp\/v2\/pages\/436\/revisions\/451"}],"wp:featuredmedia":[{"embeddable":true,"href":"https:\/\/zvaracak.sk\/en\/wp-json\/wp\/v2\/media\/265"}],"wp:attachment":[{"href":"https:\/\/zvaracak.sk\/en\/wp-json\/wp\/v2\/media?parent=436"}],"curies":[{"name":"wp","href":"https:\/\/api.w.org\/{rel}","templated":true}]}}